{"id":624,"date":"2024-04-30T16:34:44","date_gmt":"2024-04-30T14:34:44","guid":{"rendered":"https:\/\/aiosolution.fr\/?page_id=624"},"modified":"2025-01-31T15:59:37","modified_gmt":"2025-01-31T14:59:37","slug":"mention-legale","status":"publish","type":"page","link":"https:\/\/aiosolution.fr\/mention-legale\/","title":{"rendered":"Mention L\u00e9gale"},"content":{"rendered":"\n<p style=\"font-size:clamp(37.821px, 2.364rem + ((1vw - 3.2px) * 3.352), 70px);font-style:normal;font-weight:700\">Mention L\u00e9gale<\/p>\n\n\n\n<p>Site AIO Solution<\/p>\n\n\n\n<p>\u200d<\/p>\n\n\n\n<p>Le site AIOSolution.fr est \u00e9dit\u00e9 par la soci\u00e9t\u00e9 AIO Solution, soci\u00e9t\u00e9 par actions simplifi\u00e9e au capital de 500 \u20ac, immatricul\u00e9e au R.C.S de Nanterre sous le num\u00e9ro 983 146 176, dont le si\u00e8ge social est situ\u00e9 au 43 rue Klock, 92110 Clichy et qui peut \u00eatre contact\u00e9e par email \u00e0 l\u2019adresse suivante : contact@aiosolution.fr<\/p>\n\n\n\n<p>\u200d<\/p>\n\n\n\n<p>Directeur de publication : Monsieur St\u00e9phane Glapski<\/p>\n\n\n\n<p>\u200d<\/p>\n\n\n\n<p>L\u2019h\u00e9bergement du site est assur\u00e9 par la soci\u00e9t\u00e9 Hostinger International Ltd, soci\u00e9t\u00e9 priv\u00e9e \u00e0 responsabilit\u00e9 limit\u00e9e de Chypre dont l&rsquo;adresse est 61 Lordou Vironos str. 6023 Larnaca, Chypre.<\/p>\n","protected":false},"excerpt":{"rendered":"<p>Mention L\u00e9gale Site AIO Solution \u200d Le site AIOSolution.fr est \u00e9dit\u00e9 par la soci\u00e9t\u00e9 AIO Solution, soci\u00e9t\u00e9 par actions simplifi\u00e9e au capital de 500 \u20ac, immatricul\u00e9e au R.C.S de Nanterre sous le num\u00e9ro 983 146 176, dont le si\u00e8ge social est situ\u00e9 au 43 rue Klock, 92110 Clichy et qui peut \u00eatre contact\u00e9e par email [&hellip;]<\/p>\n","protected":false},"author":1,"featured_media":0,"parent":0,"menu_order":0,"comment_status":"closed","ping_status":"closed","template":"","meta":{"content-type":"","footnotes":""},"class_list":["post-624","page","type-page","status-publish","hentry"],"aioseo_notices":[],"_links":{"self":[{"href":"https:\/\/aiosolution.fr\/wp-json\/wp\/v2\/pages\/624","targetHints":{"allow":["GET"]}}],"collection":[{"href":"https:\/\/aiosolution.fr\/wp-json\/wp\/v2\/pages"}],"about":[{"href":"https:\/\/aiosolution.fr\/wp-json\/wp\/v2\/types\/page"}],"author":[{"embeddable":true,"href":"https:\/\/aiosolution.fr\/wp-json\/wp\/v2\/users\/1"}],"replies":[{"embeddable":true,"href":"https:\/\/aiosolution.fr\/wp-json\/wp\/v2\/comments?post=624"}],"version-history":[{"count":0,"href":"https:\/\/aiosolution.fr\/wp-json\/wp\/v2\/pages\/624\/revisions"}],"wp:attachment":[{"href":"https:\/\/aiosolution.fr\/wp-json\/wp\/v2\/media?parent=624"}],"curies":[{"name":"wp","href":"https:\/\/api.w.org\/{rel}","templated":true}]}}